{"id":27376,"date":"2020-10-22T09:35:11","date_gmt":"2020-10-22T07:35:11","guid":{"rendered":"https:\/\/spiritualveda.es\/qui-soc"},"modified":"2022-11-04T13:17:35","modified_gmt":"2022-11-04T12:17:35","slug":"qui-soc","status":"publish","type":"page","link":"https:\/\/spiritualveda.es\/ca\/qui-soc","title":{"rendered":"Qui s\u00f3c"},"content":{"rendered":"\n<div class=\"wp-block-uagb-container uagb-block-b8f6e319 alignfull uagb-is-root-container\"><div class=\"uagb-container-inner-blocks-wrap\">\n<div class=\"wp-block-uagb-container uagb-block-cdb798ec\">\n<div class=\"wp-block-uagb-container uagb-block-43f7d38d\">\n<div class=\"wp-block-uagb-advanced-heading uagb-block-384f2c5c\"><h1 class=\"uagb-heading-text\">El teu equilibri ho decideixes tu<\/h1><p class=\"uagb-desc-text\"><strong>S\u00f3c terapeuta Ayurveda, quiromassatgista, instructora de ioga i creadora de la meva pr\u00f2pia marca \u201cSpiritual Veda\u201d.<\/strong><br\/><br\/>Si he de resumir en una paraula qu\u00e8 \u00e9s per mi la salut, aquesta paraula \u00e9s EQUILIBRI, i aix\u00f2 \u00e9s el que aporto amb l&#8217;exercici de la meva professi\u00f3.<\/p><\/div>\n<\/div>\n<\/div>\n<\/div><\/div>\n\n<div class=\"wp-block-uagb-container uagb-block-956802ec alignfull uagb-is-root-container\"><div class=\"uagb-container-inner-blocks-wrap\">\n<div class=\"wp-block-uagb-image uagb-block-18a525e9 wp-block-uagb-image--layout-default wp-block-uagb-image--effect-static wp-block-uagb-image--align-none\"><figure class=\"wp-block-uagb-image__figure\"><img loading=\"lazy\" decoding=\"async\" srcset=\"https:\/\/spiritualveda.es\/wp-content\/uploads\/2022\/09\/pattern-v-1-123x300-1.png ,https:\/\/spiritualveda.es\/wp-content\/uploads\/2020\/10\/pattern-v-1.png 780w\" src=\"https:\/\/spiritualveda.es\/wp-content\/uploads\/2022\/09\/pattern-v-1-123x300-1.png\" alt=\"\" class=\"uag-image-145\" width=\"123\" height=\"300\" title=\"\"\/><\/figure><\/div>\n\n\n\n<div class=\"wp-block-columns is-layout-flex wp-container-core-columns-is-layout-28f84493 wp-block-columns-is-layout-flex\">\n<div class=\"wp-block-column is-layout-flow wp-block-column-is-layout-flow\" style=\"flex-basis:50%\">\n<div class=\"wp-block-uagb-info-box uagb-block-3bf3c55b uagb-infobox__content-wrap  uagb-infobox-icon-above-title uagb-infobox-image-valign-top\"><div class=\"uagb-ifb-content\"><div class=\"uagb-ifb-title-wrap\"><span class=\"uagb-ifb-title-prefix\"><strong>Faig el que m&#8217;agrada i s\u00f3c feli\u00e7 fent-ho!<\/strong><\/span><h2 class=\"uagb-ifb-title\">Una mica de la meva part professional&#8230;<\/h2><\/div><p class=\"uagb-ifb-desc\">Vaig comen\u00e7ar fa m\u00e9s de 20 anys a relacionar-me amb el m\u00f3n de les meditacions actives de la m\u00e0 de la meva professora Lila Lorenzo, va ser en aquell prec\u00eds moment quan vaig emprendre un viatge cap al meu interior que no acabaria mai.<br\/><br\/>La meva missi\u00f3 \u00e9s ajudar les persones a sentir-se millor; alleujant-les, en la mesura del possible, dels seus problemes f\u00edsics, c\u00e0rregues mentals i emocionals, a trav\u00e9s dels massatges, les rutines saludables i la nutrici\u00f3 Ayurveda. Per oferir un servei m\u00e9s complet, complemento aquesta pr\u00e0ctica amb el quiromassatge i el ioga. <br\/><br\/>A m\u00e9s, actualment, m&#8217;estic formant com a psic\u00f2loga a la Universitat Carlemany. Pot semblar-te tard, per\u00f2 per mi no ho \u00e9s, tot arriba en el moment oport\u00fa\u2026<\/p><\/div><\/div>\n<\/div>\n\n\n\n<div class=\"wp-block-column is-layout-flow wp-block-column-is-layout-flow\" style=\"flex-basis:50%\">\n<div class=\"wp-block-uagb-image uagb-block-f772aabd wp-block-uagb-image--layout-default wp-block-uagb-image--effect-static wp-block-uagb-image--align-none\"><figure class=\"wp-block-uagb-image__figure\"><img decoding=\"async\" srcset=\"https:\/\/spiritualveda.es\/wp-content\/uploads\/2022\/10\/spiritualveda-imagen-sobre-mi.jpg \" src=\"https:\/\/spiritualveda.es\/wp-content\/uploads\/2022\/10\/spiritualveda-imagen-sobre-mi.jpg\" alt=\"\" class=\"uag-image-26666\" width=\"\" height=\"\" title=\"\"\/><\/figure><\/div>\n<\/div>\n<\/div>\n\n\n\n<div class=\"wp-block-uagb-container uagb-block-b7c64732\">\n<div class=\"wp-block-uagb-container uagb-block-64f7c2a2\">\n<div class=\"wp-block-uagb-image uagb-block-2dedba3b wp-block-uagb-image--layout-default wp-block-uagb-image--effect-static wp-block-uagb-image--align-left uag-hide-mob\"><figure class=\"wp-block-uagb-image__figure\"><img loading=\"lazy\" decoding=\"async\" srcset=\"https:\/\/spiritualveda.es\/wp-content\/uploads\/2022\/10\/spiritualveda-imagen-sobre-mi2.jpg , https:\/\/spiritualveda.es\/wp-content\/uploads\/2020\/10\/trainer2.jpg 360w\" src=\"https:\/\/spiritualveda.es\/wp-content\/uploads\/2022\/10\/spiritualveda-imagen-sobre-mi2.jpg\" alt=\"\" class=\"uag-image-26668\" width=\"360\" height=\"480\" title=\"\"\/><\/figure><\/div>\n<\/div>\n\n\n\n<div class=\"wp-block-uagb-container uagb-block-6907b9a1\">\n<div class=\"wp-block-uagb-advanced-heading uagb-block-bff072ab\"><h3 class=\"uagb-heading-text\"><strong>L&#8217;equilibri \u00e9s la base de la salut<\/strong><\/h3><p class=\"uagb-desc-text\">M&#8217;aporta energia i sensaci\u00f3 de plenitud estar en contacte amb la natura, activar i canalitzar la meva energia amb el ball i molts gestos diaris que no pas per ser m\u00e9s quotidians, s\u00f3n menys importants\u2026<\/p><\/div>\n\n\n<style>.wp-block-kadence-advancedheading.kt-adv-heading_27344f-cf, .wp-block-kadence-advancedheading.kt-adv-heading_27344f-cf[data-kb-block=\"kb-adv-heading_27344f-cf\"]{padding-top:20px;text-align:center;font-size:18px;font-style:normal;}.wp-block-kadence-advancedheading.kt-adv-heading_27344f-cf mark.kt-highlight, .wp-block-kadence-advancedheading.kt-adv-heading_27344f-cf[data-kb-block=\"kb-adv-heading_27344f-cf\"] mark.kt-highlight{font-style:normal;color:#f76a0c;-webkit-box-decoration-break:clone;box-decoration-break:clone;padding-top:0px;padding-right:0px;padding-bottom:0px;padding-left:0px;}.wp-block-kadence-advancedheading.kt-adv-heading_27344f-cf img.kb-inline-image, .wp-block-kadence-advancedheading.kt-adv-heading_27344f-cf[data-kb-block=\"kb-adv-heading_27344f-cf\"] img.kb-inline-image{width:150px;vertical-align:baseline;}<\/style>\n<p class=\"kt-adv-heading_27344f-cf wp-block-kadence-advancedheading has-ast-global-color-0-color has-text-color\" data-kb-block=\"kb-adv-heading_27344f-cf\"><strong>T&#8217;invito a comptar amb mi per ajudar <\/strong><br\/><strong>a sentir-te millor!<\/strong><\/p>\n\n\n\n<div class=\"wp-block-uagb-buttons uagb-buttons__outer-wrap uagb-btn__default-btn uagb-btn-tablet__default-btn uagb-btn-mobile__default-btn uagb-block-8209918e\"><div class=\"uagb-buttons__wrap uagb-buttons-layout-wrap\">\n<div class=\"wp-block-uagb-buttons-child uagb-buttons__outer-wrap uagb-block-494c6661 wp-block-button is-style-outline\"><div class=\"uagb-button__wrapper\"><a class=\"uagb-buttons-repeater wp-block-button__link\" href=\"https:\/\/spiritualveda.es\/ca\/contacte\" rel=\"follow noopener\" target=\"_self\"><div class=\"uagb-button__link\">Contacta<\/div><\/a><\/div><\/div>\n<\/div><\/div>\n<\/div>\n<\/div>\n<\/div><\/div>\n","protected":false},"excerpt":{"rendered":"<p>El teu equilibri ho decideixes tu S\u00f3c terapeuta Ayurveda, quiromassatgista, instructora de ioga i creadora de la meva pr\u00f2pia marca \u201cSpiritual Veda\u201d. Si he de resumir en una paraula qu\u00e8 \u00e9s per mi la salut, aquesta paraula \u00e9s EQUILIBRI, i aix\u00f2 \u00e9s el que aporto amb l&#8217;exercici de la meva professi\u00f3. L&#8217;equilibri \u00e9s la base [&hellip;]<\/p>\n","protected":false},"author":1,"featured_media":0,"parent":0,"menu_order":0,"comment_status":"closed","ping_status":"closed","template":"","meta":{"_uag_custom_page_level_css":"","site-sidebar-layout":"default","site-content-layout":"plain-container","ast-site-content-layout":"default","site-content-style":"default","site-sidebar-style":"default","ast-global-header-display":"","ast-banner-title-visibility":"","ast-main-header-display":"","ast-hfb-above-header-display":"","ast-hfb-below-header-display":"","ast-hfb-mobile-header-display":"","site-post-title":"disabled","ast-breadcrumbs-content":"","ast-featured-img":"","footer-sml-layout":"","ast-disable-related-posts":"","theme-transparent-header-meta":"default","adv-header-id-meta":"","stick-header-meta":"","header-above-stick-meta":"","header-main-stick-meta":"","header-below-stick-meta":"","astra-migrate-meta-layouts":"default","ast-page-background-enabled":"default","ast-page-background-meta":{"desktop":{"background-color":"","background-image":"","background-repeat":"repeat","background-position":"center center","background-size":"auto","background-attachment":"scroll","background-type":"","background-media":"","overlay-type":"","overlay-color":"","overlay-opacity":"","overlay-gradient":""},"tablet":{"background-color":"","background-image":"","background-repeat":"repeat","background-position":"center center","background-size":"auto","background-attachment":"scroll","background-type":"","background-media":"","overlay-type":"","overlay-color":"","overlay-opacity":"","overlay-gradient":""},"mobile":{"background-color":"","background-image":"","background-repeat":"repeat","background-position":"center center","background-size":"auto","background-attachment":"scroll","background-type":"","background-media":"","overlay-type":"","overlay-color":"","overlay-opacity":"","overlay-gradient":""}},"ast-content-background-meta":{"desktop":{"background-color":"var(--ast-global-color-5)","background-image":"","background-repeat":"repeat","background-position":"center center","background-size":"auto","background-attachment":"scroll","background-type":"","background-media":"","overlay-type":"","overlay-color":"","overlay-opacity":"","overlay-gradient":""},"tablet":{"background-color":"var(--ast-global-color-5)","background-image":"","background-repeat":"repeat","background-position":"center center","background-size":"auto","background-attachment":"scroll","background-type":"","background-media":"","overlay-type":"","overlay-color":"","overlay-opacity":"","overlay-gradient":""},"mobile":{"background-color":"var(--ast-global-color-5)","background-image":"","background-repeat":"repeat","background-position":"center center","background-size":"auto","background-attachment":"scroll","background-type":"","background-media":"","overlay-type":"","overlay-color":"","overlay-opacity":"","overlay-gradient":""}},"footnotes":""},"class_list":["post-27376","page","type-page","status-publish","hentry"],"uagb_featured_image_src":{"full":false,"thumbnail":false,"medium":false,"medium_large":false,"large":false,"1536x1536":false,"2048x2048":false},"uagb_author_info":{"display_name":"empiezapori","author_link":"https:\/\/spiritualveda.es\/ca\/author\/empiezapori"},"uagb_comment_info":0,"uagb_excerpt":"El teu equilibri ho decideixes tu S\u00f3c terapeuta Ayurveda, quiromassatgista, instructora de ioga i creadora de la meva pr\u00f2pia marca \u201cSpiritual Veda\u201d. Si he de resumir en una paraula qu\u00e8 \u00e9s per mi la salut, aquesta paraula \u00e9s EQUILIBRI, i aix\u00f2 \u00e9s el que aporto amb l&#8217;exercici de la meva professi\u00f3. L&#8217;equilibri \u00e9s la base&hellip;","_links":{"self":[{"href":"https:\/\/spiritualveda.es\/ca\/wp-json\/wp\/v2\/pages\/27376","targetHints":{"allow":["GET"]}}],"collection":[{"href":"https:\/\/spiritualveda.es\/ca\/wp-json\/wp\/v2\/pages"}],"about":[{"href":"https:\/\/spiritualveda.es\/ca\/wp-json\/wp\/v2\/types\/page"}],"author":[{"embeddable":true,"href":"https:\/\/spiritualveda.es\/ca\/wp-json\/wp\/v2\/users\/1"}],"replies":[{"embeddable":true,"href":"https:\/\/spiritualveda.es\/ca\/wp-json\/wp\/v2\/comments?post=27376"}],"version-history":[{"count":0,"href":"https:\/\/spiritualveda.es\/ca\/wp-json\/wp\/v2\/pages\/27376\/revisions"}],"wp:attachment":[{"href":"https:\/\/spiritualveda.es\/ca\/wp-json\/wp\/v2\/media?parent=27376"}],"curies":[{"name":"wp","href":"https:\/\/api.w.org\/{rel}","templated":true}]}}