{"id":27489,"date":"2022-10-13T16:42:45","date_gmt":"2022-10-13T14:42:45","guid":{"rendered":"https:\/\/spiritualveda.es\/pack-de-tardor"},"modified":"2023-03-21T16:25:21","modified_gmt":"2023-03-21T15:25:21","slug":"pack-de-primavera","status":"publish","type":"page","link":"https:\/\/spiritualveda.es\/ca\/pack-de-primavera","title":{"rendered":"Pack de primavera"},"content":{"rendered":"<style>.wp-block-kadence-spacer.kt-block-spacer-_264d70-6c .kt-block-spacer{height:60px;}.wp-block-kadence-spacer.kt-block-spacer-_264d70-6c .kt-divider{border-top-width:1px;height:1px;border-top-color:#eee;width:80%;border-top-style:solid;}<\/style>\n<div class=\"wp-block-kadence-spacer aligncenter kt-block-spacer-_264d70-6c\"><div class=\"kt-block-spacer kt-block-spacer-halign-center\"><\/div><\/div>\n\n<div class=\"wp-block-uagb-container uagb-block-60cf5f5d alignfull uagb-is-root-container\"><div class=\"uagb-container-inner-blocks-wrap\">\n<div class=\"wp-block-uagb-container uagb-block-e374564b\">\n<div class=\"wp-block-uagb-advanced-heading uagb-block-914dc3c8\"><h2 class=\"uagb-heading-text\"><strong>per desintoxicar i nodrir<\/strong><\/h2><p class=\"uagb-desc-text\">Pack de Primavera<\/p><\/div>\n\n\n<style>.wp-block-kadence-advancedheading.kt-adv-heading_4d71d4-de, .wp-block-kadence-advancedheading.kt-adv-heading_4d71d4-de[data-kb-block=\"kb-adv-heading_4d71d4-de\"]{padding-bottom:30px;font-style:normal;}.wp-block-kadence-advancedheading.kt-adv-heading_4d71d4-de mark.kt-highlight, .wp-block-kadence-advancedheading.kt-adv-heading_4d71d4-de[data-kb-block=\"kb-adv-heading_4d71d4-de\"] mark.kt-highlight{font-style:normal;color:#f76a0c;-webkit-box-decoration-break:clone;box-decoration-break:clone;padding-top:0px;padding-right:0px;padding-bottom:0px;padding-left:0px;}.wp-block-kadence-advancedheading.kt-adv-heading_4d71d4-de img.kb-inline-image, .wp-block-kadence-advancedheading.kt-adv-heading_4d71d4-de[data-kb-block=\"kb-adv-heading_4d71d4-de\"] img.kb-inline-image{width:150px;vertical-align:baseline;}<\/style>\n<p class=\"kt-adv-heading_4d71d4-de wp-block-kadence-advancedheading\" data-kb-block=\"kb-adv-heading_4d71d4-de\">Pack de massatges Ayurveda especialment recomanats en aquesta \u00e8poca de l&#8217;any. \u00c9s un b\u00e0sic per adaptar-nos millor al canvi progressiu de temperatures, combatre l&#8217;ast\u00e8nia, aclarir la nostra ment, <strong>netejar toxina acumulada i revitalitzar el cos<\/strong> .<\/p>\n\n\n<style>.wp-block-kadence-advancedheading.kt-adv-heading_ac6db4-0d, .wp-block-kadence-advancedheading.kt-adv-heading_ac6db4-0d[data-kb-block=\"kb-adv-heading_ac6db4-0d\"]{padding-bottom:30px;font-style:normal;}.wp-block-kadence-advancedheading.kt-adv-heading_ac6db4-0d mark.kt-highlight, .wp-block-kadence-advancedheading.kt-adv-heading_ac6db4-0d[data-kb-block=\"kb-adv-heading_ac6db4-0d\"] mark.kt-highlight{font-style:normal;color:#f76a0c;-webkit-box-decoration-break:clone;box-decoration-break:clone;padding-top:0px;padding-right:0px;padding-bottom:0px;padding-left:0px;}.wp-block-kadence-advancedheading.kt-adv-heading_ac6db4-0d img.kb-inline-image, .wp-block-kadence-advancedheading.kt-adv-heading_ac6db4-0d[data-kb-block=\"kb-adv-heading_ac6db4-0d\"] img.kb-inline-image{width:150px;vertical-align:baseline;}<\/style>\n<p class=\"kt-adv-heading_ac6db4-0d wp-block-kadence-advancedheading\" data-kb-block=\"kb-adv-heading_ac6db4-0d\"> El pack inclou 3 tractaments: <strong>massatge Abhyanga<\/strong> de 75 min. <strong>massatge Udvartana<\/strong> , (reductor del teixit adip\u00f3s i peeling) amb esp\u00e8cies de 60 min. i una <strong>rutina facial Detox<\/strong> amb Aroms Natur. Aquests tractaments es realitzen de manera separada.<br\/><br\/><strong>IMPORTANT:<\/strong> Per reservar aquest tractament posa&#8217;t en contacte amb mi a trav\u00e9s del <a href=\"https:\/\/spiritualveda.es\/ca\/contacte\" target=\"_blank\" rel=\"noreferrer noopener\">formulari de la web<\/a> , per <a href=\"tel:+34640335782\" target=\"_blank\" rel=\"noreferrer noopener\">tel\u00e8fon<\/a> o via <a href=\"https:\/\/wa.me\/34640335782\" target=\"_blank\" rel=\"noreferrer noopener\">Whatsapp<\/a><\/p>\n\n\n<style>.wp-block-kadence-spacer.kt-block-spacer-_6b03cc-4b .kt-block-spacer{height:10px;}.wp-block-kadence-spacer.kt-block-spacer-_6b03cc-4b .kt-divider{border-top-width:1px;height:1px;border-top-color:var(--ast-global-color-1);width:100%;border-top-style:solid;}<\/style>\n<div class=\"wp-block-kadence-spacer aligncenter kt-block-spacer-_6b03cc-4b\"><div class=\"kt-block-spacer kt-block-spacer-halign-center\"><hr class=\"kt-divider\"\/><\/div><\/div>\n\n\n<style>.wp-block-kadence-advancedheading.kt-adv-heading_04ece8-85, .wp-block-kadence-advancedheading.kt-adv-heading_04ece8-85[data-kb-block=\"kb-adv-heading_04ece8-85\"]{padding-top:10px;padding-bottom:0px;margin-bottom:0px;text-align:left;font-size:18px;font-style:normal;}.wp-block-kadence-advancedheading.kt-adv-heading_04ece8-85 mark.kt-highlight, .wp-block-kadence-advancedheading.kt-adv-heading_04ece8-85[data-kb-block=\"kb-adv-heading_04ece8-85\"] mark.kt-highlight{font-style:normal;color:#f76a0c;-webkit-box-decoration-break:clone;box-decoration-break:clone;padding-top:0px;padding-right:0px;padding-bottom:0px;padding-left:0px;}.wp-block-kadence-advancedheading.kt-adv-heading_04ece8-85 img.kb-inline-image, .wp-block-kadence-advancedheading.kt-adv-heading_04ece8-85[data-kb-block=\"kb-adv-heading_04ece8-85\"] img.kb-inline-image{width:150px;vertical-align:baseline;}<\/style>\n<p class=\"kt-adv-heading_04ece8-85 wp-block-kadence-advancedheading has-ast-global-color-0-color has-text-color\" data-kb-block=\"kb-adv-heading_04ece8-85\"><strong>Recordeu que tamb\u00e9 podeu regalar aquest pack!<\/strong><\/p>\n\n\n<style>.wp-block-kadence-advancedheading.kt-adv-heading_efbe5b-c1, .wp-block-kadence-advancedheading.kt-adv-heading_efbe5b-c1[data-kb-block=\"kb-adv-heading_efbe5b-c1\"]{padding-top:0px;margin-top:-10px;font-style:normal;}.wp-block-kadence-advancedheading.kt-adv-heading_efbe5b-c1 mark.kt-highlight, .wp-block-kadence-advancedheading.kt-adv-heading_efbe5b-c1[data-kb-block=\"kb-adv-heading_efbe5b-c1\"] mark.kt-highlight{font-style:normal;color:#f76a0c;-webkit-box-decoration-break:clone;box-decoration-break:clone;padding-top:0px;padding-right:0px;padding-bottom:0px;padding-left:0px;}.wp-block-kadence-advancedheading.kt-adv-heading_efbe5b-c1 img.kb-inline-image, .wp-block-kadence-advancedheading.kt-adv-heading_efbe5b-c1[data-kb-block=\"kb-adv-heading_efbe5b-c1\"] img.kb-inline-image{width:150px;vertical-align:baseline;}<\/style>\n<p class=\"kt-adv-heading_efbe5b-c1 wp-block-kadence-advancedheading\" data-kb-block=\"kb-adv-heading_efbe5b-c1\">Posa&#8217;t en contacte amb mi omplint el <a href=\"https:\/\/spiritualveda.es\/ca\/contacte\" target=\"_blank\" rel=\"noreferrer noopener\">formulari de la web<\/a> , per <a href=\"tel:+34640335782\" target=\"_blank\" rel=\"noreferrer noopener\">tel\u00e8fon<\/a> o per <a href=\"https:\/\/wa.me\/34640335782\" target=\"_blank\" rel=\"noreferrer noopener\">Whatsapp<\/a> i t&#8217;ajudar\u00e9 a regalar els tractaments, rituals o massatges m\u00e9s adequats i en l&#8217;espai que et vingui millor!<\/p>\n<\/div>\n\n\n\n<div class=\"wp-block-uagb-container uagb-block-0eb940af\"><style>.wp-block-kadence-advancedheading.kt-adv-heading_4606a5-1a, .wp-block-kadence-advancedheading.kt-adv-heading_4606a5-1a[data-kb-block=\"kb-adv-heading_4606a5-1a\"]{padding-top:40px;padding-bottom:0px;text-align:right;font-size:23px;font-style:normal;}.wp-block-kadence-advancedheading.kt-adv-heading_4606a5-1a mark.kt-highlight, .wp-block-kadence-advancedheading.kt-adv-heading_4606a5-1a[data-kb-block=\"kb-adv-heading_4606a5-1a\"] mark.kt-highlight{font-size:30px;font-style:normal;color:var(--ast-global-color-0);-webkit-box-decoration-break:clone;box-decoration-break:clone;padding-top:0px;padding-right:0px;padding-bottom:0px;padding-left:0px;}.wp-block-kadence-advancedheading.kt-adv-heading_4606a5-1a img.kb-inline-image, .wp-block-kadence-advancedheading.kt-adv-heading_4606a5-1a[data-kb-block=\"kb-adv-heading_4606a5-1a\"] img.kb-inline-image{width:150px;vertical-align:baseline;}@media all and (max-width: 767px){.wp-block-kadence-advancedheading.kt-adv-heading_4606a5-1a, .wp-block-kadence-advancedheading.kt-adv-heading_4606a5-1a[data-kb-block=\"kb-adv-heading_4606a5-1a\"]{padding-top:0px;}}<\/style>\n<p class=\"kt-adv-heading_4606a5-1a wp-block-kadence-advancedheading\" data-kb-block=\"kb-adv-heading_4606a5-1a\">Preu <mark style=\"background-color:rgba(0, 0, 0, 0)\" class=\"has-inline-color has-ast-global-color-0-color\"><strong>190\u20ac<\/strong><\/mark><\/p>\n\n\n<style>.wp-block-kadence-advancedheading.kt-adv-heading_5ccdd4-f7, .wp-block-kadence-advancedheading.kt-adv-heading_5ccdd4-f7[data-kb-block=\"kb-adv-heading_5ccdd4-f7\"]{padding-top:0px;margin-top:-25px;text-align:right;font-size:12px;font-style:normal;}.wp-block-kadence-advancedheading.kt-adv-heading_5ccdd4-f7 mark.kt-highlight, .wp-block-kadence-advancedheading.kt-adv-heading_5ccdd4-f7[data-kb-block=\"kb-adv-heading_5ccdd4-f7\"] mark.kt-highlight{font-style:normal;color:#f76a0c;-webkit-box-decoration-break:clone;box-decoration-break:clone;padding-top:0px;padding-right:0px;padding-bottom:0px;padding-left:0px;}.wp-block-kadence-advancedheading.kt-adv-heading_5ccdd4-f7 img.kb-inline-image, .wp-block-kadence-advancedheading.kt-adv-heading_5ccdd4-f7[data-kb-block=\"kb-adv-heading_5ccdd4-f7\"] img.kb-inline-image{width:150px;vertical-align:baseline;}<\/style>\n<p class=\"kt-adv-heading_5ccdd4-f7 wp-block-kadence-advancedheading\" data-kb-block=\"kb-adv-heading_5ccdd4-f7\">IVA incl\u00f2s<\/p>\n\n\n\n<div class=\"wp-block-uagb-icon-list uagb-block-77fd8760\"><div class=\"uagb-icon-list__wrap\">\n<div class=\"wp-block-uagb-icon-list-child uagb-block-b74e1a3b\"><span class=\"uagb-icon-list__source-wrap\"><svg xmlns=\"https:\/\/www.w3.org\/2000\/svg\" viewbox=\"0 0 512 512\"><path d=\"M256 0C114.6 0 0 114.6 0 256s114.6 256 256 256s256-114.6 256-256S397.4 0 256 0zM256 128c17.67 0 32 14.33 32 32c0 17.67-14.33 32-32 32S224 177.7 224 160C224 142.3 238.3 128 256 128zM296 384h-80C202.8 384 192 373.3 192 360s10.75-24 24-24h16v-64H224c-13.25 0-24-10.75-24-24S210.8 224 224 224h32c13.25 0 24 10.75 24 24v88h16c13.25 0 24 10.75 24 24S309.3 384 296 384z\"><\/path><\/svg><\/span><span class=\"uagb-icon-list__label\">amb 1 massatge d&#8217;Abhyanga<\/span><\/div>\n<\/div><\/div>\n\n\n<style>.wp-block-kadence-advancedheading.kt-adv-heading_ef811c-6d, .wp-block-kadence-advancedheading.kt-adv-heading_ef811c-6d[data-kb-block=\"kb-adv-heading_ef811c-6d\"]{padding-top:20px;padding-bottom:0px;text-align:right;font-size:23px;font-style:normal;}.wp-block-kadence-advancedheading.kt-adv-heading_ef811c-6d mark.kt-highlight, .wp-block-kadence-advancedheading.kt-adv-heading_ef811c-6d[data-kb-block=\"kb-adv-heading_ef811c-6d\"] mark.kt-highlight{font-size:30px;font-style:normal;color:var(--ast-global-color-0);-webkit-box-decoration-break:clone;box-decoration-break:clone;padding-top:0px;padding-right:0px;padding-bottom:0px;padding-left:0px;}.wp-block-kadence-advancedheading.kt-adv-heading_ef811c-6d img.kb-inline-image, .wp-block-kadence-advancedheading.kt-adv-heading_ef811c-6d[data-kb-block=\"kb-adv-heading_ef811c-6d\"] img.kb-inline-image{width:150px;vertical-align:baseline;}@media all and (max-width: 767px){.wp-block-kadence-advancedheading.kt-adv-heading_ef811c-6d, .wp-block-kadence-advancedheading.kt-adv-heading_ef811c-6d[data-kb-block=\"kb-adv-heading_ef811c-6d\"]{padding-top:0px;}}<\/style>\n<p class=\"kt-adv-heading_ef811c-6d wp-block-kadence-advancedheading\" data-kb-block=\"kb-adv-heading_ef811c-6d\">Preu <mark style=\"background-color:rgba(0, 0, 0, 0)\" class=\"has-inline-color has-ast-global-color-0-color\"><strong>310\u20ac<\/strong><\/mark><\/p>\n\n\n<style>.wp-block-kadence-advancedheading.kt-adv-heading_d61464-37, .wp-block-kadence-advancedheading.kt-adv-heading_d61464-37[data-kb-block=\"kb-adv-heading_d61464-37\"]{padding-top:0px;margin-top:-25px;text-align:right;font-size:12px;font-style:normal;}.wp-block-kadence-advancedheading.kt-adv-heading_d61464-37 mark.kt-highlight, .wp-block-kadence-advancedheading.kt-adv-heading_d61464-37[data-kb-block=\"kb-adv-heading_d61464-37\"] mark.kt-highlight{font-style:normal;color:#f76a0c;-webkit-box-decoration-break:clone;box-decoration-break:clone;padding-top:0px;padding-right:0px;padding-bottom:0px;padding-left:0px;}.wp-block-kadence-advancedheading.kt-adv-heading_d61464-37 img.kb-inline-image, .wp-block-kadence-advancedheading.kt-adv-heading_d61464-37[data-kb-block=\"kb-adv-heading_d61464-37\"] img.kb-inline-image{width:150px;vertical-align:baseline;}<\/style>\n<p class=\"kt-adv-heading_d61464-37 wp-block-kadence-advancedheading\" data-kb-block=\"kb-adv-heading_d61464-37\">IVA incl\u00f2s<\/p>\n\n\n\n<div class=\"wp-block-uagb-icon-list uagb-block-0e9cce4c\"><div class=\"uagb-icon-list__wrap\">\n<div class=\"wp-block-uagb-icon-list-child uagb-block-23fc5552\"><span class=\"uagb-icon-list__source-wrap\"><svg xmlns=\"https:\/\/www.w3.org\/2000\/svg\" viewbox=\"0 0 512 512\"><path d=\"M256 0C114.6 0 0 114.6 0 256s114.6 256 256 256s256-114.6 256-256S397.4 0 256 0zM256 128c17.67 0 32 14.33 32 32c0 17.67-14.33 32-32 32S224 177.7 224 160C224 142.3 238.3 128 256 128zM296 384h-80C202.8 384 192 373.3 192 360s10.75-24 24-24h16v-64H224c-13.25 0-24-10.75-24-24S210.8 224 224 224h32c13.25 0 24 10.75 24 24v88h16c13.25 0 24 10.75 24 24S309.3 384 296 384z\"><\/path><\/svg><\/span><span class=\"uagb-icon-list__label\">amb 3 massatges d&#8217;Abhyanga<\/span><\/div>\n<\/div><\/div>\n<\/div>\n<\/div><\/div>\n\n<div class=\"wp-block-uagb-container uagb-block-eaaabbe8 alignfull uagb-is-root-container\"><div class=\"uagb-container-inner-blocks-wrap\">\n<div class=\"wp-block-uagb-advanced-heading uagb-block-1dff8eff\"><h4 class=\"uagb-heading-text\">El pack inclou<\/h4><\/div>\n<\/div><\/div>\n\n<div class=\"wp-block-uagb-container uagb-block-af685d57 alignfull uagb-is-root-container\"><div class=\"uagb-container-inner-blocks-wrap\">\n<div class=\"wp-block-uagb-info-box uagb-block-d797ec30 uagb-infobox__content-wrap  uagb-infobox-icon-above-title uagb-infobox-image-valign-top fondo\"><div class=\"uagb-ifb-content\"><div class=\"uagb-ifb-image-content\"><img decoding=\"async\" src=\"https:\/\/spiritualveda.es\/wp-content\/uploads\/2022\/10\/spiritualveda-Abhyanga-2.jpg\" alt=\"\"\/><\/div><div class=\"uagb-ifb-title-wrap\"><h3 class=\"uagb-ifb-title\"><a href=\"https:\/\/spiritualveda.es\/ca\/abhyanga\">Abhyanga<\/a><\/h3><\/div><p class=\"uagb-ifb-desc\">Un massatge de cos sencer amb oli de s\u00e8sam temperat i ess\u00e8ncies.<br\/><strong><mark style=\"background-color:rgba(0, 0, 0, 0)\" class=\"has-inline-color has-ast-global-color-0-color\">Sessi\u00f3 individual des de 65\u20ac<\/mark><\/strong><\/p><div class=\"uagb-ifb-button-wrapper wp-block-button\"><a href=\"https:\/\/spiritualveda.es\/ca\/abhyanga\" class=\"uagb-infobox-cta-link wp-block-button__link\" target=\"_self\" rel=\"noopener noreferrer\" alt=\"\"><span class=\"uagb-inline-editing\">M\u00e1s informaci\u00f3n<\/span><\/a><\/div><\/div><\/div>\n\n\n\n<div class=\"wp-block-uagb-info-box uagb-block-49788733 uagb-infobox__content-wrap  uagb-infobox-icon-above-title uagb-infobox-image-valign-top fondo\"><div class=\"uagb-ifb-content\"><div class=\"uagb-ifb-image-content\"><img decoding=\"async\" src=\"https:\/\/spiritualveda.es\/wp-content\/uploads\/2022\/10\/spiritualveda-Udvartana-2.jpg\" alt=\"\"\/><\/div><div class=\"uagb-ifb-title-wrap\"><h3 class=\"uagb-ifb-title\"><a href=\"https:\/\/spiritualveda.es\/ca\/udvartana\">Udvartana<\/a><\/h3><\/div><p class=\"uagb-ifb-desc\">Un massatge anticel\u00b7lul\u00edtic i reductor amb barreja de pols naturals.<br\/><strong><mark style=\"background-color:rgba(0, 0, 0, 0)\" class=\"has-inline-color has-ast-global-color-0-color\">Sessi\u00f3 individual<\/mark><\/strong> <mark style=\"background-color:rgba(0, 0, 0, 0)\" class=\"has-inline-color has-ast-global-color-0-color\"><strong>des de 85\u20ac<\/strong><\/mark><\/p><div class=\"uagb-ifb-button-wrapper wp-block-button\"><a href=\"https:\/\/spiritualveda.es\/ca\/udvartana\" class=\"uagb-infobox-cta-link wp-block-button__link\" target=\"_self\" rel=\"noopener noreferrer\" alt=\"\"><span class=\"uagb-inline-editing\">M\u00e1s informaci\u00f3n<\/span><\/a><\/div><\/div><\/div>\n\n\n\n<div class=\"wp-block-uagb-info-box uagb-block-8f139200 uagb-infobox__content-wrap  uagb-infobox-icon-above-title uagb-infobox-image-valign-top fondo\"><div class=\"uagb-ifb-content\"><div class=\"uagb-ifb-image-content\"><img decoding=\"async\" src=\"https:\/\/spiritualveda.es\/wp-content\/uploads\/2022\/10\/spiritualveda-rutina-desintoxicante3.jpg\" alt=\"\"\/><\/div><div class=\"uagb-ifb-title-wrap\"><h3 class=\"uagb-ifb-title\"><a href=\"https:\/\/spiritualveda.es\/ca\/rutina-desintoxicant\">Rutina desintoxicante<\/a><\/h3><\/div><p class=\"uagb-ifb-desc\">Un tractament facial per eliminar toxines i subst\u00e0ncies nocives.<br\/><strong><mark style=\"background-color:rgba(0, 0, 0, 0)\" class=\"has-inline-color has-ast-global-color-0-color\">Sessi\u00f3 individual<\/mark><\/strong> <mark style=\"background-color:rgba(0, 0, 0, 0)\" class=\"has-inline-color has-ast-global-color-0-color\"><strong>65\u20ac<\/strong><\/mark><\/p><div class=\"uagb-ifb-button-wrapper wp-block-button\"><a href=\"https:\/\/spiritualveda.es\/ca\/rutina-desintoxicant\" class=\"uagb-infobox-cta-link wp-block-button__link\" target=\"_self\" rel=\"noopener noreferrer\" alt=\"\"><span class=\"uagb-inline-editing\">M\u00e1s informaci\u00f3n<\/span><\/a><\/div><\/div><\/div>\n<\/div><\/div>\n","protected":false},"excerpt":{"rendered":"<p>per desintoxicar i nodrir Pack de Primavera Pack de massatges Ayurveda especialment recomanats en aquesta \u00e8poca de l&#8217;any. \u00c9s un b\u00e0sic per adaptar-nos millor al canvi progressiu de temperatures, combatre l&#8217;ast\u00e8nia, aclarir la nostra ment, netejar toxina acumulada i revitalitzar el cos . El pack inclou 3 tractaments: massatge Abhyanga de 75 min. massatge Udvartana [&hellip;]<\/p>\n","protected":false},"author":1,"featured_media":27285,"parent":0,"menu_order":0,"comment_status":"closed","ping_status":"closed","template":"","meta":{"_uag_custom_page_level_css":"","site-sidebar-layout":"no-sidebar","site-content-layout":"plain-container","ast-site-content-layout":"normal-width-container","site-content-style":"unboxed","site-sidebar-style":"unboxed","ast-global-header-display":"","ast-banner-title-visibility":"","ast-main-header-display":"","ast-hfb-above-header-display":"","ast-hfb-below-header-display":"","ast-hfb-mobile-header-display":"","site-post-title":"disabled","ast-breadcrumbs-content":"","ast-featured-img":"disabled","footer-sml-layout":"","ast-disable-related-posts":"","theme-transparent-header-meta":"","adv-header-id-meta":"","stick-header-meta":"","header-above-stick-meta":"","header-main-stick-meta":"","header-below-stick-meta":"","astra-migrate-meta-layouts":"default","ast-page-background-enabled":"default","ast-page-background-meta":{"desktop":{"background-color":"","background-image":"","background-repeat":"repeat","background-position":"center center","background-size":"auto","background-attachment":"scroll","background-type":"","background-media":"","overlay-type":"","overlay-color":"","overlay-opacity":"","overlay-gradient":""},"tablet":{"background-color":"","background-image":"","background-repeat":"repeat","background-position":"center center","background-size":"auto","background-attachment":"scroll","background-type":"","background-media":"","overlay-type":"","overlay-color":"","overlay-opacity":"","overlay-gradient":""},"mobile":{"background-color":"","background-image":"","background-repeat":"repeat","background-position":"center center","background-size":"auto","background-attachment":"scroll","background-type":"","background-media":"","overlay-type":"","overlay-color":"","overlay-opacity":"","overlay-gradient":""}},"ast-content-background-meta":{"desktop":{"background-color":"var(--ast-global-color-5)","background-image":"","background-repeat":"repeat","background-position":"center center","background-size":"auto","background-attachment":"scroll","background-type":"","background-media":"","overlay-type":"","overlay-color":"","overlay-opacity":"","overlay-gradient":""},"tablet":{"background-color":"var(--ast-global-color-5)","background-image":"","background-repeat":"repeat","background-position":"center center","background-size":"auto","background-attachment":"scroll","background-type":"","background-media":"","overlay-type":"","overlay-color":"","overlay-opacity":"","overlay-gradient":""},"mobile":{"background-color":"var(--ast-global-color-5)","background-image":"","background-repeat":"repeat","background-position":"center center","background-size":"auto","background-attachment":"scroll","background-type":"","background-media":"","overlay-type":"","overlay-color":"","overlay-opacity":"","overlay-gradient":""}},"footnotes":""},"class_list":["post-27489","page","type-page","status-publish","has-post-thumbnail","hentry"],"uagb_featured_image_src":{"full":["https:\/\/spiritualveda.es\/wp-content\/uploads\/2020\/10\/course3-lesson2.jpg",1200,630,false],"thumbnail":["https:\/\/spiritualveda.es\/wp-content\/uploads\/2020\/10\/course3-lesson2-150x150.jpg",150,150,true],"medium":["https:\/\/spiritualveda.es\/wp-content\/uploads\/2020\/10\/course3-lesson2-300x158.jpg",300,158,true],"medium_large":["https:\/\/spiritualveda.es\/wp-content\/uploads\/2020\/10\/course3-lesson2-768x403.jpg",768,403,true],"large":["https:\/\/spiritualveda.es\/wp-content\/uploads\/2020\/10\/course3-lesson2-1024x538.jpg",1024,538,true],"1536x1536":["https:\/\/spiritualveda.es\/wp-content\/uploads\/2020\/10\/course3-lesson2.jpg",1200,630,false],"2048x2048":["https:\/\/spiritualveda.es\/wp-content\/uploads\/2020\/10\/course3-lesson2.jpg",1200,630,false]},"uagb_author_info":{"display_name":"empiezapori","author_link":"https:\/\/spiritualveda.es\/ca\/author\/empiezapori"},"uagb_comment_info":0,"uagb_excerpt":"per desintoxicar i nodrir Pack de Primavera Pack de massatges Ayurveda especialment recomanats en aquesta \u00e8poca de l&#8217;any. \u00c9s un b\u00e0sic per adaptar-nos millor al canvi progressiu de temperatures, combatre l&#8217;ast\u00e8nia, aclarir la nostra ment, netejar toxina acumulada i revitalitzar el cos . El pack inclou 3 tractaments: massatge Abhyanga de 75 min. massatge Udvartana&hellip;","_links":{"self":[{"href":"https:\/\/spiritualveda.es\/ca\/wp-json\/wp\/v2\/pages\/27489","targetHints":{"allow":["GET"]}}],"collection":[{"href":"https:\/\/spiritualveda.es\/ca\/wp-json\/wp\/v2\/pages"}],"about":[{"href":"https:\/\/spiritualveda.es\/ca\/wp-json\/wp\/v2\/types\/page"}],"author":[{"embeddable":true,"href":"https:\/\/spiritualveda.es\/ca\/wp-json\/wp\/v2\/users\/1"}],"replies":[{"embeddable":true,"href":"https:\/\/spiritualveda.es\/ca\/wp-json\/wp\/v2\/comments?post=27489"}],"version-history":[{"count":0,"href":"https:\/\/spiritualveda.es\/ca\/wp-json\/wp\/v2\/pages\/27489\/revisions"}],"wp:featuredmedia":[{"embeddable":true,"href":"https:\/\/spiritualveda.es\/ca\/wp-json\/wp\/v2\/media\/27285"}],"wp:attachment":[{"href":"https:\/\/spiritualveda.es\/ca\/wp-json\/wp\/v2\/media?parent=27489"}],"curies":[{"name":"wp","href":"https:\/\/api.w.org\/{rel}","templated":true}]}}