{"id":27509,"date":"2022-10-26T09:46:03","date_gmt":"2022-10-26T07:46:03","guid":{"rendered":"https:\/\/spiritualveda.es\/targeta-regal"},"modified":"2022-12-02T13:07:39","modified_gmt":"2022-12-02T12:07:39","slug":"targeta-regal","status":"publish","type":"page","link":"https:\/\/spiritualveda.es\/ca\/targeta-regal","title":{"rendered":"Targeta regal"},"content":{"rendered":"\n<div id=\"packs\" class=\"wp-block-uagb-container uagb-block-0e809f6e alignfull uagb-is-root-container\"><div class=\"uagb-container-inner-blocks-wrap\">\n<div class=\"wp-block-uagb-container uag-hide-tab uag-hide-mob uagb-block-b7598bd8\"><\/div>\n\n\n\n<div class=\"wp-block-uagb-info-box uagb-block-0b870073 uagb-infobox__content-wrap  uagb-infobox-icon-above-title uagb-infobox-image-valign-top\"><div class=\"uagb-ifb-content\"><div class=\"uagb-ifb-title-wrap\"><span class=\"uagb-ifb-title-prefix\"><strong><strong><strong>Perqu\u00e8 les experi\u00e8ncies no s&#8217;obliden<\/strong><\/strong><\/strong> &#8230;<\/span><h2 class=\"uagb-ifb-title\"><strong>El regal perfecte<\/strong><\/h2><\/div><p class=\"uagb-ifb-desc\">La nostra TARGETA o XEC REGAL s\u00f3n el detall perfecte per a qualsevol ocasi\u00f3. Ara m\u00e9s que mai, regalar experi\u00e8ncies \u00faniques \u00e9s el millor regal.<\/p><\/div><\/div>\n\n\n\n<div class=\"wp-block-uagb-container uagb-block-c709589d\">\n<div class=\"wp-block-uagb-container uagb-block-172b29ca\">\n<div class=\"wp-block-uagb-container uagb-block-3d2dca84\">\n<div class=\"wp-block-uagb-image uagb-block-800c5f46 wp-block-uagb-image--layout-default wp-block-uagb-image--effect-static wp-block-uagb-image--align-none\"><figure class=\"wp-block-uagb-image__figure\"><img decoding=\"async\" srcset=\"https:\/\/spiritualveda.es\/wp-content\/uploads\/2022\/10\/spiritualveda-regalo-tarjeta-1.jpg ,https:\/\/spiritualveda.es\/wp-content\/uploads\/2020\/10\/trainer1-1.jpg 780w, https:\/\/spiritualveda.es\/wp-content\/uploads\/2020\/10\/trainer1-1.jpg 360w\" src=\"https:\/\/spiritualveda.es\/wp-content\/uploads\/2022\/10\/spiritualveda-regalo-tarjeta-1.jpg\" alt=\"\" class=\"uag-image-26621\" width=\"\" height=\"\" title=\"\"\/><\/figure><\/div>\n<\/div>\n\n\n\n<div class=\"wp-block-uagb-container uagb-block-69eb5218\">\n<div class=\"wp-block-uagb-call-to-action uagb-block-07e9a7c8\"><div class=\"uagb-cta__wrap\"><h3 class=\"uagb-cta__title\">Targeta regal<\/h3><p class=\"uagb-cta__desc\">Trieu el tractament ideal per a aquesta persona especial. Si necessites assessorament contacta amb mi i junts triarem la ter\u00e0pia adequada.<\/p><\/div><div class=\"uagb-cta__buttons\"><\/div><\/div>\n\n\n\n<div class=\"wp-block-uagb-call-to-action uagb-block-9fbc701e\"><div class=\"uagb-cta__wrap\"><h3 class=\"uagb-cta__title\">Xec regal<\/h3><p class=\"uagb-cta__desc\">Tamb\u00e9 pots regalar un xec per un import i l&#8217;homenatjat\/da triar\u00e0 el tractament que li convingui millor. <br\/>Els Xecs Regal Spiritual Veda v\u00e9nen personalitzats amb el nom de la persona que fa l&#8217;obsequi i la persona que rep el regal.<br\/><strong><em>Tenen una validesa de 12 mesos.<\/em><\/strong><\/p><\/div><div class=\"uagb-cta__buttons\"><\/div><\/div>\n\n\n<style>.wp-block-kadence-spacer.kt-block-spacer-_fd11e3-75 .kt-block-spacer{height:60px;}.wp-block-kadence-spacer.kt-block-spacer-_fd11e3-75 .kt-divider{border-top-width:1px;height:1px;border-top-color:#eee;width:100%;border-top-style:solid;}<\/style>\n<div class=\"wp-block-kadence-spacer aligncenter kt-block-spacer-_fd11e3-75\"><div class=\"kt-block-spacer kt-block-spacer-halign-center\"><hr class=\"kt-divider\"\/><\/div><\/div>\n\n\n\n<div class=\"wp-block-uagb-advanced-heading uagb-block-fb38f3c7\"><h5 class=\"uagb-heading-text\">Com obtenir la meva targeta o xec regal?<\/h5><\/div>\n\n\n\n<p>Per obtenir la teva targeta o xec regal, pots encarregar-ho en aquesta web omplint el <a href=\"https:\/\/spiritualveda.es\/ca\/contacte\">formulari<\/a> , sol\u00b7licitar-ho per <a href=\"https:\/\/wa.me\/34640335782\" target=\"_blank\" rel=\"noopener\">whatsapp<\/a> o directament per <a href=\"tel:+34640335782\">tel\u00e8fon<\/a> <\/p>\n\n\n\n<p>Formats de lliurament:<\/p>\n\n\n\n<ul class=\"wp-block-list\">\n<li><strong>Rebre&#8217;ls en 24h en forma digital<\/strong> (PDF), el qual podr\u00e0s remetre o imprimir; o en forma de v\u00eddeo.<\/li>\n\n\n\n<li>Sol\u00b7licitar <strong>l&#8217;enviament a domicili amb targeta i capseta de regal<\/strong> a l&#8217;adre\u00e7a postal que indiquis. L&#8217;import de la tramesa es pagar\u00e0 a part.<\/li>\n<\/ul>\n<\/div>\n<\/div>\n<\/div>\n<\/div><\/div>\n","protected":false},"excerpt":{"rendered":"<p>Com obtenir la meva targeta o xec regal? Per obtenir la teva targeta o xec regal, pots encarregar-ho en aquesta web omplint el formulari , sol\u00b7licitar-ho per whatsapp o directament per tel\u00e8fon Formats de lliurament:<\/p>\n","protected":false},"author":1,"featured_media":0,"parent":0,"menu_order":0,"comment_status":"closed","ping_status":"closed","template":"","meta":{"_uag_custom_page_level_css":"","site-sidebar-layout":"no-sidebar","site-content-layout":"plain-container","ast-site-content-layout":"default","site-content-style":"default","site-sidebar-style":"default","ast-global-header-display":"","ast-banner-title-visibility":"","ast-main-header-display":"","ast-hfb-above-header-display":"","ast-hfb-below-header-display":"","ast-hfb-mobile-header-display":"","site-post-title":"disabled","ast-breadcrumbs-content":"","ast-featured-img":"","footer-sml-layout":"","ast-disable-related-posts":"","theme-transparent-header-meta":"","adv-header-id-meta":"","stick-header-meta":"","header-above-stick-meta":"","header-main-stick-meta":"","header-below-stick-meta":"","astra-migrate-meta-layouts":"default","ast-page-background-enabled":"default","ast-page-background-meta":{"desktop":{"background-color":"","background-image":"","background-repeat":"repeat","background-position":"center center","background-size":"auto","background-attachment":"scroll","background-type":"","background-media":"","overlay-type":"","overlay-color":"","overlay-opacity":"","overlay-gradient":""},"tablet":{"background-color":"","background-image":"","background-repeat":"repeat","background-position":"center center","background-size":"auto","background-attachment":"scroll","background-type":"","background-media":"","overlay-type":"","overlay-color":"","overlay-opacity":"","overlay-gradient":""},"mobile":{"background-color":"","background-image":"","background-repeat":"repeat","background-position":"center center","background-size":"auto","background-attachment":"scroll","background-type":"","background-media":"","overlay-type":"","overlay-color":"","overlay-opacity":"","overlay-gradient":""}},"ast-content-background-meta":{"desktop":{"background-color":"var(--ast-global-color-5)","background-image":"","background-repeat":"repeat","background-position":"center center","background-size":"auto","background-attachment":"scroll","background-type":"","background-media":"","overlay-type":"","overlay-color":"","overlay-opacity":"","overlay-gradient":""},"tablet":{"background-color":"var(--ast-global-color-5)","background-image":"","background-repeat":"repeat","background-position":"center center","background-size":"auto","background-attachment":"scroll","background-type":"","background-media":"","overlay-type":"","overlay-color":"","overlay-opacity":"","overlay-gradient":""},"mobile":{"background-color":"var(--ast-global-color-5)","background-image":"","background-repeat":"repeat","background-position":"center center","background-size":"auto","background-attachment":"scroll","background-type":"","background-media":"","overlay-type":"","overlay-color":"","overlay-opacity":"","overlay-gradient":""}},"footnotes":""},"class_list":["post-27509","page","type-page","status-publish","hentry"],"uagb_featured_image_src":{"full":false,"thumbnail":false,"medium":false,"medium_large":false,"large":false,"1536x1536":false,"2048x2048":false},"uagb_author_info":{"display_name":"empiezapori","author_link":"https:\/\/spiritualveda.es\/ca\/author\/empiezapori"},"uagb_comment_info":0,"uagb_excerpt":"Com obtenir la meva targeta o xec regal? Per obtenir la teva targeta o xec regal, pots encarregar-ho en aquesta web omplint el formulari , sol\u00b7licitar-ho per whatsapp o directament per tel\u00e8fon Formats de lliurament:","_links":{"self":[{"href":"https:\/\/spiritualveda.es\/ca\/wp-json\/wp\/v2\/pages\/27509","targetHints":{"allow":["GET"]}}],"collection":[{"href":"https:\/\/spiritualveda.es\/ca\/wp-json\/wp\/v2\/pages"}],"about":[{"href":"https:\/\/spiritualveda.es\/ca\/wp-json\/wp\/v2\/types\/page"}],"author":[{"embeddable":true,"href":"https:\/\/spiritualveda.es\/ca\/wp-json\/wp\/v2\/users\/1"}],"replies":[{"embeddable":true,"href":"https:\/\/spiritualveda.es\/ca\/wp-json\/wp\/v2\/comments?post=27509"}],"version-history":[{"count":0,"href":"https:\/\/spiritualveda.es\/ca\/wp-json\/wp\/v2\/pages\/27509\/revisions"}],"wp:attachment":[{"href":"https:\/\/spiritualveda.es\/ca\/wp-json\/wp\/v2\/media?parent=27509"}],"curies":[{"name":"wp","href":"https:\/\/api.w.org\/{rel}","templated":true}]}}