{"id":27516,"date":"2020-10-22T09:35:11","date_gmt":"2020-10-22T07:35:11","guid":{"rendered":"https:\/\/spiritualveda.es\/contacte"},"modified":"2022-11-04T13:13:46","modified_gmt":"2022-11-04T12:13:46","slug":"contacte","status":"publish","type":"page","link":"https:\/\/spiritualveda.es\/ca\/contacte","title":{"rendered":"Contacte"},"content":{"rendered":"\n<div class=\"wp-block-uagb-container uagb-block-e1d29893 alignfull uagb-is-root-container\"><div class=\"uagb-container-inner-blocks-wrap\">\n<div class=\"wp-block-uagb-container uagb-block-faa2da8b\">\n<div class=\"wp-block-uagb-advanced-heading uagb-block-5cc90db2\"><h1 class=\"uagb-heading-text\">Contacta<\/h1><p class=\"uagb-desc-text\">Si tens qualsevol dubte, o vols fer-te o regalar un massatge Ayurveda, tractament facial o quiromassatge a Barcelona o Sitges, completa el seg\u00fcent formulari i estar\u00e9 encantada d&#8217;atendre la teva consulta.<\/p><\/div>\n\n\n\n<div class=\"wp-block-uagb-advanced-heading uagb-block-f1eac05e\"><h4 class=\"uagb-heading-text\">Tel\u00e8fon:<\/h4><p class=\"uagb-desc-text\"><a href=\"tel:+34640335782\">+ 34 640 33 57 82<\/a><\/p><\/div>\n\n\n\n<div class=\"wp-block-uagb-advanced-heading uagb-block-40a20eae\"><h4 class=\"uagb-heading-text\">Mail<\/h4><p class=\"uagb-desc-text\"><a href=\"mailto:hola@spiritualveda.es\">hola@spiritualveda.es<\/a><\/p><\/div>\n\n\n\n<div class=\"wp-block-uagb-advanced-heading uagb-block-c7a83bfd\"><h4 class=\"uagb-heading-text\">Whatshapp<\/h4><p class=\"uagb-desc-text\"><a href=\"https:\/\/wa.me\/34640335782\" target=\"_blank\" rel=\"noreferrer noopener\">640 33 57 82<\/a><\/p><\/div>\n<\/div>\n\n\n\n<div class=\"wp-block-uagb-container uagb-block-b1802ee4\">\n<div class=\"wp-block-contact-form-7-contact-form-selector\">\n<div class=\"wpcf7 no-js\" id=\"wpcf7-f27627-o1\" lang=\"ca\" dir=\"ltr\" data-wpcf7-id=\"27627\">\n<div class=\"screen-reader-response\"><p role=\"status\" aria-live=\"polite\" aria-atomic=\"true\"><\/p> <ul><\/ul><\/div>\n<form action=\"\/ca\/wp-json\/wp\/v2\/pages\/27516#wpcf7-f27627-o1\" method=\"post\" class=\"wpcf7-form init\" aria-label=\"Formulari de contacte\" novalidate=\"novalidate\" data-status=\"init\">\n<fieldset class=\"hidden-fields-container\"><input type=\"hidden\" name=\"_wpcf7\" value=\"27627\" \/><input type=\"hidden\" name=\"_wpcf7_version\" value=\"6.1.5\" \/><input type=\"hidden\" name=\"_wpcf7_locale\" value=\"ca\" \/><input type=\"hidden\" name=\"_wpcf7_unit_tag\" value=\"wpcf7-f27627-o1\" \/><input type=\"hidden\" name=\"_wpcf7_container_post\" value=\"0\" \/><input type=\"hidden\" name=\"_wpcf7_posted_data_hash\" value=\"\" \/><input type=\"hidden\" name=\"_wpcf7_recaptcha_response\" value=\"\" \/>\n<\/fieldset>\n<p><label> Nom*<br \/>\n<span class=\"wpcf7-form-control-wrap\" data-name=\"your-name\"><input size=\"40\" maxlength=\"400\" class=\"wpcf7-form-control wpcf7-text wpcf7-validates-as-required\" aria-required=\"true\" aria-invalid=\"false\" value=\"\" type=\"text\" name=\"your-name\" \/><\/span> <\/label>\n<\/p>\n<p><label> Correu electr\u00f2nic*<br \/>\n<span class=\"wpcf7-form-control-wrap\" data-name=\"your-email\"><input size=\"40\" maxlength=\"400\" class=\"wpcf7-form-control wpcf7-email wpcf7-validates-as-required wpcf7-text wpcf7-validates-as-email\" aria-required=\"true\" aria-invalid=\"false\" value=\"\" type=\"email\" name=\"your-email\" \/><\/span> <\/label>\n<\/p>\n<p><label> Tel\u00e8fon (opcional)<br \/>\n<span class=\"wpcf7-form-control-wrap\" data-name=\"tel-380\"><input size=\"40\" maxlength=\"400\" class=\"wpcf7-form-control wpcf7-tel wpcf7-text wpcf7-validates-as-tel\" aria-invalid=\"false\" value=\"\" type=\"tel\" name=\"tel-380\" \/><\/span> <\/label>\n<\/p>\n<p><label> Assumpte*<br \/>\n<span class=\"wpcf7-form-control-wrap\" data-name=\"menu-656\"><select class=\"wpcf7-form-control wpcf7-select wpcf7-validates-as-required\" aria-required=\"true\" aria-invalid=\"false\" name=\"menu-656\"><option value=\"Vull regalar un servei o targeta regal\">Vull regalar un servei o targeta regal<\/option><option value=\"Vull reservar cita\">Vull reservar cita<\/option><option value=\"Altres\">Altres<\/option><\/select><\/span><\/label>\n<\/p>\n<p><label> El teu missatge (opcional)<br \/>\n<span class=\"wpcf7-form-control-wrap\" data-name=\"your-message\"><textarea cols=\"40\" rows=\"10\" maxlength=\"2000\" class=\"wpcf7-form-control wpcf7-textarea\" aria-invalid=\"false\" name=\"your-message\"><\/textarea><\/span> <\/label>\n<\/p>\n<p>* Camps obligatoris\n<\/p>\n<p><label> <span class=\"wpcf7-form-control-wrap\" data-name=\"acceptance-502\"><span class=\"wpcf7-form-control wpcf7-acceptance\"><span class=\"wpcf7-list-item\"><label><input type=\"checkbox\" name=\"acceptance-502\" value=\"1\" aria-invalid=\"false\" \/><span class=\"wpcf7-list-item-label\">He llegit i accepto els <a href=\"https:\/\/spiritualveda.es\/aviso-legal\" target=\"_blank\">termes i condicions d'\u00fas*<\/a><\/span><\/label><\/span><\/span><\/span><\/label>\n<\/p>\n<p><span class=\"wpcf7-form-control-wrap\" data-name=\"informacion\"><span class=\"wpcf7-form-control wpcf7-checkbox\"><span class=\"wpcf7-list-item first last\"><label><input type=\"checkbox\" name=\"informacion[]\" value=\"Accepto rebre informaci\u00f3 sobre les activitats, serveis i productes de Spiritual Veda\" \/><span class=\"wpcf7-list-item-label\">Accepto rebre informaci\u00f3 sobre les activitats, serveis i productes de Spiritual Veda<\/span><\/label><\/span><\/span><\/span>\n<\/p>\n<div class=\"texto\">\n\t<p>En facilitar les vostres dades personals i acceptar aquesta cl\u00e0usula, autoritzeu expressament l'enviament de comunicacions comercials per mitjans electr\u00f2nics (correu electr\u00f2nic) i\/o altres mitjans de comunicaci\u00f3 equivalent (SMS, MMS) i\/o tradicionals (correu postal) relatives als productes i serveis que Spiritual veda comercialitza al mercat, sobre les seves campanyes promocionals, descomptes i sobre el llan\u00e7ament de nous productes i serveis. Si no vols ser informat dels nostres productes i serveis pot enviar un correu electr\u00f2nic a hola@espiritualveda.es posant a l'assumpte: No publicitat. Les dades formaran part d\u201fun fitxer automatitzat titularitat de Spiritual Veda. C\/ Garrofers, 42 08810. Sant Pere de Ribes, Barcelona, on podreu dirigir per a l'exercici dels drets d'acc\u00e9s, rectificaci\u00f3, cancel\u00b7laci\u00f3 i oposici\u00f3 adjuntant fotoc\u00f2pia del DNI o similar.\n\t<\/p>\n<\/div>\n<p><input class=\"wpcf7-form-control wpcf7-submit has-spinner\" type=\"submit\" value=\"Enviar\" \/>\n<\/p><div class=\"wpcf7-response-output\" aria-hidden=\"true\"><\/div>\n<\/form>\n<\/div>\n<\/div>\n<\/div>\n<\/div><\/div>\n","protected":false},"excerpt":{"rendered":"<p>Contacta Si tens qualsevol dubte, o vols fer-te o regalar un massatge Ayurveda, tractament facial o quiromassatge a Barcelona o Sitges, completa el seg\u00fcent formulari i estar\u00e9 encantada d&#8217;atendre la teva consulta. Tel\u00e8fon: + 34 640 33 57 82 Mail hola@spiritualveda.es Whatshapp 640 33 57 82<\/p>\n","protected":false},"author":1,"featured_media":0,"parent":0,"menu_order":0,"comment_status":"closed","ping_status":"closed","template":"","meta":{"_uag_custom_page_level_css":"","site-sidebar-layout":"default","site-content-layout":"plain-container","ast-site-content-layout":"default","site-content-style":"default","site-sidebar-style":"default","ast-global-header-display":"","ast-banner-title-visibility":"","ast-main-header-display":"","ast-hfb-above-header-display":"","ast-hfb-below-header-display":"","ast-hfb-mobile-header-display":"","site-post-title":"disabled","ast-breadcrumbs-content":"","ast-featured-img":"","footer-sml-layout":"","ast-disable-related-posts":"","theme-transparent-header-meta":"default","adv-header-id-meta":"","stick-header-meta":"","header-above-stick-meta":"","header-main-stick-meta":"","header-below-stick-meta":"","astra-migrate-meta-layouts":"default","ast-page-background-enabled":"default","ast-page-background-meta":{"desktop":{"background-color":"","background-image":"","background-repeat":"repeat","background-position":"center center","background-size":"auto","background-attachment":"scroll","background-type":"","background-media":"","overlay-type":"","overlay-color":"","overlay-opacity":"","overlay-gradient":""},"tablet":{"background-color":"","background-image":"","background-repeat":"repeat","background-position":"center center","background-size":"auto","background-attachment":"scroll","background-type":"","background-media":"","overlay-type":"","overlay-color":"","overlay-opacity":"","overlay-gradient":""},"mobile":{"background-color":"","background-image":"","background-repeat":"repeat","background-position":"center center","background-size":"auto","background-attachment":"scroll","background-type":"","background-media":"","overlay-type":"","overlay-color":"","overlay-opacity":"","overlay-gradient":""}},"ast-content-background-meta":{"desktop":{"background-color":"var(--ast-global-color-5)","background-image":"","background-repeat":"repeat","background-position":"center center","background-size":"auto","background-attachment":"scroll","background-type":"","background-media":"","overlay-type":"","overlay-color":"","overlay-opacity":"","overlay-gradient":""},"tablet":{"background-color":"var(--ast-global-color-5)","background-image":"","background-repeat":"repeat","background-position":"center center","background-size":"auto","background-attachment":"scroll","background-type":"","background-media":"","overlay-type":"","overlay-color":"","overlay-opacity":"","overlay-gradient":""},"mobile":{"background-color":"var(--ast-global-color-5)","background-image":"","background-repeat":"repeat","background-position":"center center","background-size":"auto","background-attachment":"scroll","background-type":"","background-media":"","overlay-type":"","overlay-color":"","overlay-opacity":"","overlay-gradient":""}},"footnotes":""},"class_list":["post-27516","page","type-page","status-publish","hentry"],"uagb_featured_image_src":{"full":false,"thumbnail":false,"medium":false,"medium_large":false,"large":false,"1536x1536":false,"2048x2048":false},"uagb_author_info":{"display_name":"empiezapori","author_link":"https:\/\/spiritualveda.es\/ca\/author\/empiezapori"},"uagb_comment_info":0,"uagb_excerpt":"Contacta Si tens qualsevol dubte, o vols fer-te o regalar un massatge Ayurveda, tractament facial o quiromassatge a Barcelona o Sitges, completa el seg\u00fcent formulari i estar\u00e9 encantada d&#8217;atendre la teva consulta. Tel\u00e8fon: + 34 640 33 57 82 Mail hola@spiritualveda.es Whatshapp 640 33 57 82","_links":{"self":[{"href":"https:\/\/spiritualveda.es\/ca\/wp-json\/wp\/v2\/pages\/27516","targetHints":{"allow":["GET"]}}],"collection":[{"href":"https:\/\/spiritualveda.es\/ca\/wp-json\/wp\/v2\/pages"}],"about":[{"href":"https:\/\/spiritualveda.es\/ca\/wp-json\/wp\/v2\/types\/page"}],"author":[{"embeddable":true,"href":"https:\/\/spiritualveda.es\/ca\/wp-json\/wp\/v2\/users\/1"}],"replies":[{"embeddable":true,"href":"https:\/\/spiritualveda.es\/ca\/wp-json\/wp\/v2\/comments?post=27516"}],"version-history":[{"count":0,"href":"https:\/\/spiritualveda.es\/ca\/wp-json\/wp\/v2\/pages\/27516\/revisions"}],"wp:attachment":[{"href":"https:\/\/spiritualveda.es\/ca\/wp-json\/wp\/v2\/media?parent=27516"}],"curies":[{"name":"wp","href":"https:\/\/api.w.org\/{rel}","templated":true}]}}